{"id":12,"date":"2023-07-27T16:02:31","date_gmt":"2023-07-27T16:02:31","guid":{"rendered":"https:\/\/nicolaromeoclassic.ch\/nrc\/?page_id=12"},"modified":"2023-07-27T17:08:30","modified_gmt":"2023-07-27T17:08:30","slug":"storia","status":"publish","type":"page","link":"https:\/\/nicolaromeoclassic.ch\/nrc\/storia\/","title":{"rendered":"Storia"},"content":{"rendered":"\n<p>HO ACCOLTO CON GRANDE EMOZIONE L\u2019IDEA DEGLI AMICI SVIZZERI DI ONORARE IL NOME DEL NONNO NICOLA CON LA CREAZIONE DI UN CLUB DI APPASSIONATI ALFISTI A LUI DEDICATO.<\/p>\n<p>DI CLUB INTESTATI AL GLORIOSO MARCHIO DI FAMIGLIA CE NE SONO TANTI, TUTTI BELLI E VIVACI, MA UNO DEDICATO PROPRIO AL FONDATORE ANCORA NON S\u2019ERA VISTO.<\/p>\n<p>NONNO NICOLA ERA UN UOMO ECCEZIONALE E STRAORDINARIAMENTE MODERNO; PARLAVA INGLESE E FRANCESE FLUENTEMENTE, AVEVA VIAGGIATO MOLTO E QUANDO SI TROV\u00d2 AD AFFRONTARE L\u2019AVVENTURA DI RILEVARE L\u2019ANONIMA LOMBARDA FABBRICA AUTOMOBILI, VI CI SI BUTT\u00d2 ANIMA E CORPO RIUSCENDO A METTERE A FRUTTO TUTTA LA SUA ENORME ESPERIENZA. \u00c8 COS\u00cc CHE SONO NATE AUTO CHE HANNO LASCIATO UN SEGNO E UN MARCHIO CHE ANCORA OGGI \u00c8 SINONIMO DI PASSIONE PER AUTOMOBILI UNICHE.<\/p>\n<p>CON LA STESSA PASSIONE HO ACCOLTO, UNITAMENTE ALLA MIA FAMIGLIA, IL NEONATO CLUB E CON GRANDE PARTECIPAZIONE DEDICO DI CUORE TUTTO IL SUCCESSO CHE MERITANO QUESTI ALFISTI SINCERI E VERI.<\/p>\n<p>UN CARO SALUTO A TUTTI!<\/p>\n<p>\u00a0<\/p>\n<p>DANIELA MAESTRI ROMEO<\/p>\n<p>PRESIDENTE ONORARIO<\/p>\n<p>\u00a0<\/p>\n<p>\u00a0<\/p>\n<p>NICOLA ROMEO CLASSIC \u00c8 UN VERO SOGNO CHE SI AVVERA!<\/p>\n<p>IL SOGNO DI UN CLUB DI APPASSIONATI, CON NUOVE INTENZIONI, CON NUOVI OBIETTIVI, CHE GUARDA AL FUTURO CON TUTTA LA FORZA DEL PASSATO. UN PASSATO CHE CI REGALA UN SAPER FARE, UNA CAPACIT\u00c0 TECNICA E CREATIVA CHE STUPISCE ED EMOZIONA ANCORA OGGI.<\/p>\n<p>ABBIAMO VOLUTO FORTEMENTE QUESTO NUOVO CLUB E LO ABBIAMO VOLUTO IN MEMORIA DI UN GRANDE PERSONAGGIO CHE HA SAPUTO CREARE AUTOMOBILI CHE HANNO FATTO BATTERE IL CUORE A GENERAZIONI DI AUTOMOBILISTI E CHE ANCORA OGGI CI REGALANO SENSAZIONI UNICHE.<\/p>\n<p>MI PIACE PENSARE CHE QUESTO CLUB DIVENTI MOTIVO D\u2019INCONTRO E CONOSCENZA PER TRASCORRERE MOMENTI PIACEVOLI E SIMPATICI INSIEME A DEGLI AMICI UNITI DALLA PASSIONE PER LE NOSTRE MERAVIGLIOSE ALFA ROMEO.<\/p>\n<p>MI ADOPERER\u00d2, IN QUALIT\u00c0 DI PRESIDENTE, PER CREARE QUELLE SITUAZIONI DI COSTRUTTIVO STIMOLO TRA I SOCI, GLI APPASSIONATI E IL PUBBLICO IN GENERE.<\/p>\n<p>BUON CUORE SPORTIVO A TUTTI!<\/p>\n<p>JEAN-LUC BOISSONNAT<\/p>\n<p>PRESIDENTE<\/p>\n\n","protected":false},"excerpt":{"rendered":"","protected":false},"author":1,"featured_media":0,"parent":0,"menu_order":0,"comment_status":"closed","ping_status":"closed","template":"","meta":{"_eb_attr":"","footnotes":""},"class_list":["post-12","page","type-page","status-publish","hentry"],"yoast_head":"<!-- This site is optimized with the Yoast SEO plugin v27.4 - https:\/\/yoast.com\/product\/yoast-seo-wordpress\/ -->\n<title>Storia - Nicola Romeo Classic<\/title>\n<meta name=\"robots\" content=\"index, follow, max-snippet:-1, max-image-preview:large, max-video-preview:-1\" \/>\n<link rel=\"canonical\" href=\"https:\/\/nicolaromeoclassic.ch\/nrc\/storia\/\" \/>\n<meta property=\"og:locale\" content=\"it_IT\" \/>\n<meta property=\"og:type\" content=\"article\" \/>\n<meta property=\"og:title\" content=\"Storia - Nicola Romeo Classic\" \/>\n<meta property=\"og:url\" content=\"https:\/\/nicolaromeoclassic.ch\/nrc\/storia\/\" \/>\n<meta property=\"og:site_name\" content=\"Nicola Romeo Classic\" \/>\n<meta property=\"article:modified_time\" content=\"2023-07-27T17:08:30+00:00\" \/>\n<meta name=\"twitter:card\" content=\"summary_large_image\" \/>\n<meta name=\"twitter:label1\" content=\"Tempo di lettura stimato\" \/>\n\t<meta name=\"twitter:data1\" content=\"2 minuti\" \/>\n<script type=\"application\/ld+json\" class=\"yoast-schema-graph\">{\"@context\":\"https:\\\/\\\/schema.org\",\"@graph\":[{\"@type\":\"WebPage\",\"@id\":\"https:\\\/\\\/nicolaromeoclassic.ch\\\/nrc\\\/storia\\\/\",\"url\":\"https:\\\/\\\/nicolaromeoclassic.ch\\\/nrc\\\/storia\\\/\",\"name\":\"Storia - Nicola Romeo Classic\",\"isPartOf\":{\"@id\":\"https:\\\/\\\/nicolaromeoclassic.ch\\\/nrc\\\/#website\"},\"datePublished\":\"2023-07-27T16:02:31+00:00\",\"dateModified\":\"2023-07-27T17:08:30+00:00\",\"breadcrumb\":{\"@id\":\"https:\\\/\\\/nicolaromeoclassic.ch\\\/nrc\\\/storia\\\/#breadcrumb\"},\"inLanguage\":\"it-IT\",\"potentialAction\":[{\"@type\":\"ReadAction\",\"target\":[\"https:\\\/\\\/nicolaromeoclassic.ch\\\/nrc\\\/storia\\\/\"]}]},{\"@type\":\"BreadcrumbList\",\"@id\":\"https:\\\/\\\/nicolaromeoclassic.ch\\\/nrc\\\/storia\\\/#breadcrumb\",\"itemListElement\":[{\"@type\":\"ListItem\",\"position\":1,\"name\":\"Home\",\"item\":\"https:\\\/\\\/nicolaromeoclassic.ch\\\/nrc\\\/\"},{\"@type\":\"ListItem\",\"position\":2,\"name\":\"Storia\"}]},{\"@type\":\"WebSite\",\"@id\":\"https:\\\/\\\/nicolaromeoclassic.ch\\\/nrc\\\/#website\",\"url\":\"https:\\\/\\\/nicolaromeoclassic.ch\\\/nrc\\\/\",\"name\":\"Nicola Romeo Classic\",\"description\":\"\",\"publisher\":{\"@id\":\"https:\\\/\\\/nicolaromeoclassic.ch\\\/nrc\\\/#organization\"},\"potentialAction\":[{\"@type\":\"SearchAction\",\"target\":{\"@type\":\"EntryPoint\",\"urlTemplate\":\"https:\\\/\\\/nicolaromeoclassic.ch\\\/nrc\\\/?s={search_term_string}\"},\"query-input\":{\"@type\":\"PropertyValueSpecification\",\"valueRequired\":true,\"valueName\":\"search_term_string\"}}],\"inLanguage\":\"it-IT\"},{\"@type\":\"Organization\",\"@id\":\"https:\\\/\\\/nicolaromeoclassic.ch\\\/nrc\\\/#organization\",\"name\":\"Nicola Romeo Classic\",\"url\":\"https:\\\/\\\/nicolaromeoclassic.ch\\\/nrc\\\/\",\"logo\":{\"@type\":\"ImageObject\",\"inLanguage\":\"it-IT\",\"@id\":\"https:\\\/\\\/nicolaromeoclassic.ch\\\/nrc\\\/#\\\/schema\\\/logo\\\/image\\\/\",\"url\":\"https:\\\/\\\/nicolaromeoclassic.ch\\\/nrc\\\/wp-content\\\/uploads\\\/2023\\\/07\\\/logo_nrc.gif\",\"contentUrl\":\"https:\\\/\\\/nicolaromeoclassic.ch\\\/nrc\\\/wp-content\\\/uploads\\\/2023\\\/07\\\/logo_nrc.gif\",\"width\":249,\"height\":209,\"caption\":\"Nicola Romeo Classic\"},\"image\":{\"@id\":\"https:\\\/\\\/nicolaromeoclassic.ch\\\/nrc\\\/#\\\/schema\\\/logo\\\/image\\\/\"}}]}<\/script>\n<!-- \/ Yoast SEO plugin. -->","yoast_head_json":{"title":"Storia - Nicola Romeo Classic","robots":{"index":"index","follow":"follow","max-snippet":"max-snippet:-1","max-image-preview":"max-image-preview:large","max-video-preview":"max-video-preview:-1"},"canonical":"https:\/\/nicolaromeoclassic.ch\/nrc\/storia\/","og_locale":"it_IT","og_type":"article","og_title":"Storia - Nicola Romeo Classic","og_url":"https:\/\/nicolaromeoclassic.ch\/nrc\/storia\/","og_site_name":"Nicola Romeo Classic","article_modified_time":"2023-07-27T17:08:30+00:00","twitter_card":"summary_large_image","twitter_misc":{"Tempo di lettura stimato":"2 minuti"},"schema":{"@context":"https:\/\/schema.org","@graph":[{"@type":"WebPage","@id":"https:\/\/nicolaromeoclassic.ch\/nrc\/storia\/","url":"https:\/\/nicolaromeoclassic.ch\/nrc\/storia\/","name":"Storia - Nicola Romeo Classic","isPartOf":{"@id":"https:\/\/nicolaromeoclassic.ch\/nrc\/#website"},"datePublished":"2023-07-27T16:02:31+00:00","dateModified":"2023-07-27T17:08:30+00:00","breadcrumb":{"@id":"https:\/\/nicolaromeoclassic.ch\/nrc\/storia\/#breadcrumb"},"inLanguage":"it-IT","potentialAction":[{"@type":"ReadAction","target":["https:\/\/nicolaromeoclassic.ch\/nrc\/storia\/"]}]},{"@type":"BreadcrumbList","@id":"https:\/\/nicolaromeoclassic.ch\/nrc\/storia\/#breadcrumb","itemListElement":[{"@type":"ListItem","position":1,"name":"Home","item":"https:\/\/nicolaromeoclassic.ch\/nrc\/"},{"@type":"ListItem","position":2,"name":"Storia"}]},{"@type":"WebSite","@id":"https:\/\/nicolaromeoclassic.ch\/nrc\/#website","url":"https:\/\/nicolaromeoclassic.ch\/nrc\/","name":"Nicola Romeo Classic","description":"","publisher":{"@id":"https:\/\/nicolaromeoclassic.ch\/nrc\/#organization"},"potentialAction":[{"@type":"SearchAction","target":{"@type":"EntryPoint","urlTemplate":"https:\/\/nicolaromeoclassic.ch\/nrc\/?s={search_term_string}"},"query-input":{"@type":"PropertyValueSpecification","valueRequired":true,"valueName":"search_term_string"}}],"inLanguage":"it-IT"},{"@type":"Organization","@id":"https:\/\/nicolaromeoclassic.ch\/nrc\/#organization","name":"Nicola Romeo Classic","url":"https:\/\/nicolaromeoclassic.ch\/nrc\/","logo":{"@type":"ImageObject","inLanguage":"it-IT","@id":"https:\/\/nicolaromeoclassic.ch\/nrc\/#\/schema\/logo\/image\/","url":"https:\/\/nicolaromeoclassic.ch\/nrc\/wp-content\/uploads\/2023\/07\/logo_nrc.gif","contentUrl":"https:\/\/nicolaromeoclassic.ch\/nrc\/wp-content\/uploads\/2023\/07\/logo_nrc.gif","width":249,"height":209,"caption":"Nicola Romeo Classic"},"image":{"@id":"https:\/\/nicolaromeoclassic.ch\/nrc\/#\/schema\/logo\/image\/"}}]}},"_links":{"self":[{"href":"https:\/\/nicolaromeoclassic.ch\/nrc\/wp-json\/wp\/v2\/pages\/12","targetHints":{"allow":["GET"]}}],"collection":[{"href":"https:\/\/nicolaromeoclassic.ch\/nrc\/wp-json\/wp\/v2\/pages"}],"about":[{"href":"https:\/\/nicolaromeoclassic.ch\/nrc\/wp-json\/wp\/v2\/types\/page"}],"author":[{"embeddable":true,"href":"https:\/\/nicolaromeoclassic.ch\/nrc\/wp-json\/wp\/v2\/users\/1"}],"replies":[{"embeddable":true,"href":"https:\/\/nicolaromeoclassic.ch\/nrc\/wp-json\/wp\/v2\/comments?post=12"}],"version-history":[{"count":5,"href":"https:\/\/nicolaromeoclassic.ch\/nrc\/wp-json\/wp\/v2\/pages\/12\/revisions"}],"predecessor-version":[{"id":87,"href":"https:\/\/nicolaromeoclassic.ch\/nrc\/wp-json\/wp\/v2\/pages\/12\/revisions\/87"}],"wp:attachment":[{"href":"https:\/\/nicolaromeoclassic.ch\/nrc\/wp-json\/wp\/v2\/media?parent=12"}],"curies":[{"name":"wp","href":"https:\/\/api.w.org\/{rel}","templated":true}]}}